{"id":668,"date":"2025-02-28T11:50:13","date_gmt":"2025-02-28T11:50:13","guid":{"rendered":"https:\/\/prvidom.si\/avtodom\/?page_id=668"},"modified":"2025-02-28T12:00:58","modified_gmt":"2025-02-28T12:00:58","slug":"rezervacija-avtodoma","status":"publish","type":"page","link":"https:\/\/prvidom.si\/avtodom\/rezervacija-avtodoma\/","title":{"rendered":"Rezervacija avtodoma"},"content":{"rendered":"\n<div class=\"container section-title-container\" ><h3 class=\"section-title section-title-center\"><b><\/b><span class=\"section-title-main\" >Rezervacija avtodoma<\/span><b><\/b><\/h3><\/div>\n\n<p>Kako rezervirati avtodom pri podjetju Prvi dom d.o.o.?<\/p>\n<ol>\n<li><strong>Vzpostavitev kontakta:<\/strong>\u00a0Za vzpostavitev kontakta z nami vam nudimo ve\u010d mo\u017enosti: lahko nas pokli\u010dete po telefonu, kontaktirate z nami preko elektronske po\u0161te ali obrazca za povpra\u0161evanje na na\u0161i internetni strani.<\/li>\n<li><strong>Podatki o najemu avtodoma:<\/strong>\u00a0Posredujete nam va\u0161e podatke, \u017eeleni tip na\u0161ega avtodoma, \u0161tevilo potnikov, ki bo skupaj z voznikom potovalo v avtodomu in v katerem terminu \u017eelite najeti avtodom. Podatke se trudimo a\u017eurirati na internetni strani, vendar nam ob\u010dasno to ne uspe v celoti in takoj, ko nastopijo spremembe v floti vozil.<\/li>\n<li><strong>Odgovor in ponudba:<\/strong>\u00a0Po prejemu va\u0161ega povpra\u0161evanja vam bomo posredovali odgovor in ponudbo za najem avtodoma v najkraj\u0161em mo\u017enem \u010dasu. V \u010dasu veljavnosti va\u0161e ponudbe se avtodom ne bo ponujal v najem drugim strankam oziroma bomo morebitne druge interesente opozorili, da je ta avtodom trenutno v fazi potrjevanja rezervacije najema za vas. V primeru, da avtodom ni prost v va\u0161em \u017eeljenem terminu, ki ste ga navedli v povpra\u0161evanju za najem, vam ponudimo drug termin za najem avtodoma ali drugi tip na\u0161ega avtodoma. Do navedenega datuma veljavnosti na\u0161e ponudbe, od vas pri\u010dakujemo informacijo, ali je na\u0161a ponudba za vas ustrezna in pri\u010dakujemo potrditev ter pla\u010dilo rezervacije v vi\u0161ini 40% celotne najemnine avtodoma navedene v ponudbi.<\/li>\n<li><strong>Potrditev najema in pla\u010dilo rezervacije za najem avtodoma:<\/strong>\u00a0Po prejemu potrditve in pla\u010dilu rezervacije z va\u0161e strani pri\u010dakujemo, da nam boste dostavili fotokopirane ali skenirane va\u0161e dokumente skladno s Pogoji za najem avtodoma pri podjetju Prvi dom d.o.o. Rezervacijo vam bomo pisno potrdili po prejemu va\u0161e vpla\u010dane rezervacije in dostavljenih dokumentov. S tem je postopek rezervacije za najem avtodoma pri na\u0161em podjetju za vas kon\u010dan.<\/li>\n<li><strong>Dokon\u010dno pla\u010dilo za najem avtodoma:<\/strong>\u00a0Najkasneje 30 dni pred najemom od vas pri\u010dakujemo, da boste poravnali preostali del predra\u010duna oziroma stro\u0161ka za najem avtodoma. S tem si boste zagotovili, da vas bo avtodom \u010dakal ob dogovorjenem \u010dasu, seveda, \u010de ne bo vpliva vi\u0161je sile. Ko ste rezervirali avtodom, si lahko preberete nekaj prakti\u010dnih nasvetov in koristnih informacij na na\u0161i podstrani. Te nasvete smo pripravili na podlagi na\u0161ih ve\u010dletnih izku\u0161enj s potovanj in najemom avtodomov.<\/li>\n<\/ol>\n<p>Pla\u010dilo najema avtodoma<\/p>\n<p>Kdaj in kako pla\u010dati najem avtodoma v celoti?<\/p>\n<p>Skladno s Pogoji za najem avtodoma pri podjetju Prvi dom d.o.o. je potrebno v visoki sezoni nakazati preostali znesek (60 %) najemnine za najem avtodoma najkasneje 30 dni pred za\u010detkom najem-a avtodoma.<\/p>\n<p>Pri dokon\u010dnem pla\u010dilu najema izven visoke sezone, upo\u0161tevajte urnik pla\u010dil v Pogoji za najem avtodoma pri podjetju Prvi dom d.o.o.<\/p>\n<p>Po va\u0161em opravljenem pla\u010dilu za najem avtodoma, vam izdamo potrdilo o pla\u010danem najemu \u2013 ra\u010dun.<\/p>\n<p>Var\u0161\u010dina za najem avtodoma<\/p>\n<p>Var\u0161\u010dino za najem avtodoma poravna najemnik skladno s Pogoji najema avtodoma pri podjetju Prvi dom d.o.o. pred prevzemom avtodoma.<\/p>\n<p>Najemodajalec ob prejemu var\u0161\u010dine izda potrdilo o prejetju var\u0161\u010dine. Ob vrnitvi nepo\u0161kodovanega in o\u010di\u0161\u010denega avtodoma skladno s Pogoji za najema avtodoma pri podjetju Prvi dom d.o.o., se var\u0161\u010dina vrne najemniku v celoti. V nasprotnem primeru se upo\u0161tevajo dolo\u010dila teh Pogojev.<\/p>\n<p>Za\u010detek najema in prevzem avtodoma<\/p>\n<p>Ob za\u010detku najema avtodoma skupaj najemodajalec in najemnik pregledata avtodom. Najemodajalec pregleda in razlo\u017ei delovanje vseh naprav v avtodomu (hladilnik, ravnanje s sanitarnim delom avtodoma-WC in kopalnico, kuhinja, ogrevanje, bojler, nadzorna plo\u0161\u010da, tenda, plinska napeljava, klimatska naprava\u2026).<\/p>\n<p>Nato najemodajalec in najemnik skupaj sestavita in podpi\u0161eta Najemno pogodbo, v kateri se navede stanje avtodoma in popi\u0161e vsa oprema ob za\u010detku najema avtodoma.<\/p>\n<p>Najemniku omogo\u010dimo tudi preizkusno vo\u017enjo pred za\u010detkom najema. V glavni sezoni zaradi \u010dasovnih in organizacijskih ovir \u017eal to ni mo\u017eno. Med preizkusno vo\u017enjo z avtodomom vas opozorimo na posebnosti pri vo\u017enji avtodoma. Nekaj koristnih na\u0161ih napotkov pa dobite tudi tukaj.<\/p>\n<p>Zaklju\u010dek najema in vrnitev avtodoma<\/p>\n<p>Najemnik mora vrniti avtodom zadnji dan najema ob dogovorjeni uri (v visoki sezoni do najkasneje 10.ure) na sede\u017e podjetja.<\/p>\n<p>Ob vrnitvi avtodoma in zaklju\u010dku najema se ugotovi in zabele\u017ei stanje avtodoma in pripadajo\u010de prilo\u017eene opreme. Obe stranki podpi\u0161eta skupaj ugotovljeno stanje in ovrednotita spremembe stanja avtodoma in opreme.<\/p>\n<p>Ob povratku s poti oziroma zaklju\u010dku najema avtodoma upo\u0161tevajte, da potrebujete nekaj \u010dasa, da se pripeljete do doma. Ne izpostavljajte sebe in svojih sopotnikov v avtodomu nevarnosti z dolgotrajno vo\u017enjo zadnji dan.<\/p>\n<p>Upo\u0161tevajte tudi, da so posebej poleti precej pogosti zastoji na cestah, kar lahko vpliva na tudi va\u0161 \u010das potovanja. Verjemite, zaradi tega boste \u0161e kak\u0161en dan ali dva precej utrujeni in slabe volje.<\/p>\n<p>Izku\u0161nje govorijo, da je najbolje, da na\u010drtujete, da se vrnete domov predzadnji dan najema avtodoma, proti ve\u010deru predzadnjega dne najema avtodoma. Tako boste lahko zadnji dan najema avtodoma v miru in brez napetosti pospravili in o\u010distili avtodom ter brez stresa in dodatnih stro\u0161kov pravo\u010dasno vrnili avtodom najemodajalcu.<\/p>\n<p>Pri vra\u010dilu avtodoma se dr\u017eite dogovorjene ure, da naslednjim najemnikom prihranite te\u017eave in slabo voljo, sebi pa dodatne stro\u0161ke. Predstavljajte si, da bi zamujal najemnik, ki bi pred vami imel avtodom v najemu. Zagotovo bi vam povzro\u010dilo najmanj slabo voljo, \u010de vi ne bi mogli najem avtodoma za\u010deti ob va\u0161i dogovorjeni in na\u010drtovani uri.<\/p>\n<p>Vra\u010dilo var\u0161\u010dine<\/p>\n<p>Ob pravo\u010dasni vrnitvi nepo\u0161kodovanega avtodoma in opreme ter po obojestranskem podpisu Najemne pogodbe in ovrednotenju in poravnavi morebitne povzro\u010dene \u0161kode nastale med va\u0161im najemom na avtodomu ali opremi, se var\u0161\u010dina oziroma preostali del brezobrestno vrne v celoti v gotovini ali se naka\u017ee na va\u0161 transakcijski ra\u010dun v roku 3 delovnih dni (na enak na\u010din kot je bila polo\u017eena ob za\u010detku najema pri najemodajalcu).<\/p>\n<p>Odpoved najema avtodoma<\/p>\n<p>Najemnik ima mo\u017enost odpovedi rezervacije za najem avtodoma in do delnega vra\u010dila vpla\u010dane akontacije skladno s Pogoji za najem avtodoma pri podjetju Prvi dom d.o.o.. Pri odpovedi rezervacije najema avtodoma se zara\u010dunajo stro\u0161ki odpovedi, ki jih najemodajalec zara\u010duna najemniku avtodoma in odbije od zneska, ki se vrne tistemu, ki je vpla\u010dal rezervacijo za najem avtodoma.<\/p>\n<p>\u010ce se \u017eelite v celoti zavarovati za riziko odpovedi najema, vam priporo\u010damo, da se za ta namen pozanimate pri zavarovalnicah ( Triglav, nekatere tuje tudi\u2026), ki to storitev nudijo. Ob tem bi vas opozoril, da je eden izmed pogojev za sklenitev zavarovanja rizika odpovedi, da se to sklene v 24-ih ali 48-ih urah od vpla\u010dila rezervacije. Bodite pozorni na to.<\/p>\n<p><strong>Za pojasnitev morebitnih nejasnosti glede celotnega postopka smo vam na razpolago po telefonu ali po elektronski po\u0161ti oziroma preko kontaktnega obrazca.<\/strong><\/p>\n\n","protected":false},"excerpt":{"rendered":"","protected":false},"author":1,"featured_media":0,"parent":0,"menu_order":0,"comment_status":"closed","ping_status":"closed","template":"","meta":{"pagelayer_contact_templates":[],"_pagelayer_content":"","footnotes":""},"class_list":["post-668","page","type-page","status-publish","hentry"],"_links":{"self":[{"href":"https:\/\/prvidom.si\/avtodom\/wp-json\/wp\/v2\/pages\/668","targetHints":{"allow":["GET"]}}],"collection":[{"href":"https:\/\/prvidom.si\/avtodom\/wp-json\/wp\/v2\/pages"}],"about":[{"href":"https:\/\/prvidom.si\/avtodom\/wp-json\/wp\/v2\/types\/page"}],"author":[{"embeddable":true,"href":"https:\/\/prvidom.si\/avtodom\/wp-json\/wp\/v2\/users\/1"}],"replies":[{"embeddable":true,"href":"https:\/\/prvidom.si\/avtodom\/wp-json\/wp\/v2\/comments?post=668"}],"version-history":[{"count":2,"href":"https:\/\/prvidom.si\/avtodom\/wp-json\/wp\/v2\/pages\/668\/revisions"}],"predecessor-version":[{"id":670,"href":"https:\/\/prvidom.si\/avtodom\/wp-json\/wp\/v2\/pages\/668\/revisions\/670"}],"wp:attachment":[{"href":"https:\/\/prvidom.si\/avtodom\/wp-json\/wp\/v2\/media?parent=668"}],"curies":[{"name":"wp","href":"https:\/\/api.w.org\/{rel}","templated":true}]}}