{"id":568,"date":"2025-02-26T08:13:49","date_gmt":"2025-02-26T08:13:49","guid":{"rendered":"https:\/\/prvidom.si\/avtodom\/?page_id=568"},"modified":"2025-03-05T10:05:21","modified_gmt":"2025-03-05T10:05:21","slug":"nakup-avtodoma","status":"publish","type":"page","link":"https:\/\/prvidom.si\/avtodom\/nakup-avtodoma\/","title":{"rendered":"Nakup avtodoma"},"content":{"rendered":"\n<div class=\"row align-middle\"  id=\"row-1866240346\">\n\n\n\t<div id=\"col-329789021\" class=\"col medium-5 small-12 large-5\"  >\n\t\t\t\t<div class=\"col-inner\"  >\n\t\t\t\n\t\t\t\n\n\t<div class=\"img has-hover x md-x lg-x y md-y lg-y\" id=\"image_1006973926\">\n\t\t\t\t\t\t\t\t<div class=\"img-inner dark\" >\n\t\t\t<img loading=\"lazy\" decoding=\"async\" width=\"562\" height=\"403\" src=\"https:\/\/prvidom.si\/avtodom\/wp-content\/uploads\/2025\/03\/avto-dom-nakup.jpg\" class=\"attachment-large size-large\" alt=\"\" srcset=\"https:\/\/prvidom.si\/avtodom\/wp-content\/uploads\/2025\/03\/avto-dom-nakup.jpg 562w, https:\/\/prvidom.si\/avtodom\/wp-content\/uploads\/2025\/03\/avto-dom-nakup-558x400.jpg 558w\" sizes=\"auto, (max-width: 562px) 100vw, 562px\" \/>\t\t\t\t\t\t\n\t\t\t\t\t<\/div>\n\t\t\t\t\t\t\t\t\n<style>\n#image_1006973926 {\n  width: 100%;\n}\n<\/style>\n\t<\/div>\n\t\n\n\n\t\t<\/div>\n\t\t\t\t\t<\/div>\n\n\t\n\n\t<div id=\"col-118279950\" class=\"col medium-7 small-12 large-7\"  >\n\t\t\t\t<div class=\"col-inner\"  >\n\t\t\t\n\t\t\t\n\n<h3>NAKUP VOZILA <strong>Weinsberg X-Cursion Van 500 MQ<\/strong><\/h3>\n<p>V primeru, da bi \u017eeleli na\u0161e vozilo odkupiti, vam lahko to omogo\u010dimo.<\/p>\n<p>Vozilo z vso vklju\u010deno dodatno opremo in v brezhibnem stanju vam je lahko na voljo za samo 79.300,00 Eur z vklju\u010denim DDV-jem.<\/p>\n<p>Cena novega vozila je 95.000,00 Eur.<\/p>\n<p><strong>Cena odkupa: 65.000,00 Eur + 14.300,00 Eur DDV = 79.300,00 Eur<\/strong><\/p>\n<p>V primeru interesa nas kontaktirajte za to\u010dno ponudbo s specifikacijo vozila.<\/p>\n<p>Rok prevzema vozila po dogovoru.<\/p>\n\n\t\t<\/div>\n\t\t\t\t\t<\/div>\n\n\t\n\n<\/div>\n\n","protected":false},"excerpt":{"rendered":"","protected":false},"author":1,"featured_media":0,"parent":0,"menu_order":0,"comment_status":"closed","ping_status":"closed","template":"","meta":{"pagelayer_contact_templates":[],"_pagelayer_content":"","footnotes":""},"class_list":["post-568","page","type-page","status-publish","hentry"],"_links":{"self":[{"href":"https:\/\/prvidom.si\/avtodom\/wp-json\/wp\/v2\/pages\/568","targetHints":{"allow":["GET"]}}],"collection":[{"href":"https:\/\/prvidom.si\/avtodom\/wp-json\/wp\/v2\/pages"}],"about":[{"href":"https:\/\/prvidom.si\/avtodom\/wp-json\/wp\/v2\/types\/page"}],"author":[{"embeddable":true,"href":"https:\/\/prvidom.si\/avtodom\/wp-json\/wp\/v2\/users\/1"}],"replies":[{"embeddable":true,"href":"https:\/\/prvidom.si\/avtodom\/wp-json\/wp\/v2\/comments?post=568"}],"version-history":[{"count":5,"href":"https:\/\/prvidom.si\/avtodom\/wp-json\/wp\/v2\/pages\/568\/revisions"}],"predecessor-version":[{"id":725,"href":"https:\/\/prvidom.si\/avtodom\/wp-json\/wp\/v2\/pages\/568\/revisions\/725"}],"wp:attachment":[{"href":"https:\/\/prvidom.si\/avtodom\/wp-json\/wp\/v2\/media?parent=568"}],"curies":[{"name":"wp","href":"https:\/\/api.w.org\/{rel}","templated":true}]}}