{"id":566,"date":"2025-02-26T08:13:09","date_gmt":"2025-02-26T08:13:09","guid":{"rendered":"https:\/\/prvidom.si\/avtodom\/?page_id=566"},"modified":"2025-03-05T10:07:49","modified_gmt":"2025-03-05T10:07:49","slug":"splosni-pogoji","status":"publish","type":"page","link":"https:\/\/prvidom.si\/avtodom\/splosni-pogoji\/","title":{"rendered":"Splo\u0161ni pogoji"},"content":{"rendered":"\n<div class=\"row\"  id=\"row-408040768\">\n\n\n\t<div id=\"col-776529436\" class=\"col small-5 large-12\"  >\n\t\t\t\t<div class=\"col-inner\"  >\n\t\t\t\n\t\t\t\n\n\t<div id=\"text-3373661244\" class=\"text\">\n\t\t\n\n<p><strong>PRVI DOM d.o.o<\/strong>.<\/p>\n<p>Mestni trg 6<\/p>\n<p>3310 \u017dalec<\/p>\n\t\t\n<style>\n#text-3373661244 {\n  text-align: left;\n}\n<\/style>\n\t<\/div>\n\t\n\n\t\t<\/div>\n\t\t\t\t\t<\/div>\n\n\t\n\n<\/div>\n<p><strong>SPLO\u0160NI POGOJI za RENT<\/strong><\/p>\n<p><em>I. UVODNA DOLO\u010cILA<\/em><\/p>\n<p>Ti splo\u0161ni pogoji in pravila poslovanja veljajo za vsa razmerja, ki jih sklepa dru\u017eba Prvi dom d.o.o., \u017dalec (v nadaljevanju najemodajalec) s tretjimi osebami (v nadaljevanju najemnik) in so sestavni del pogodbe o najemu vozila, sklenjene med tretjo osebo in dru\u017ebo.<\/p>\n<p>Najemodajalec in najemnik potrdita veljavnost teh splo\u0161nih pogojev s podpisom na pogodbi o najemu vozila, podpis obeh strank pa hkrati tudi pomeni izrecno izjavo obeh, da sta v celoti seznanjena z vsebino teh splo\u0161nih pogojev in jo sprejemata.<\/p>\n<p>Vsaka kr\u0161itev teh splo\u0161nih pogojev s strani katere izmed strank, pomeni hkrati kr\u0161itev pogodbenih dolo\u010dil in za drugo stranko zadosten razlog za takoj\u0161en odstop od pogodbe, katere sestavni del so ti splo\u0161ni pogoji in pravico do uveljavljanja od stranke kr\u0161iteljice vse morebiti zaradi odstopa nastale \u0161kode.<\/p>\n<p>Najem vozila po pogodbi, katere sestavni del so ti splo\u0161ni pogoji, je teritorialno omejen zgolj na podro\u010dje kontinenta Evrope (tudi znotraj Evrope obstajajo nekatere omejitve) in najemnik ne sme najetega vozila uporabljati ali ga odpeljati izven kontinenta Evrope brez predhodnega obvestila najemodajalca. V primeru neupo\u0161tevanja tega dolo\u010dila s strani najemnika, je najemodajalec upravi\u010den nemudoma odpovedati najemno pogodbo, najemnik pa je, zaradi nespo\u0161tovanja tega<\/p>\n<p>dolo\u010dila, dol\u017ean poravnati najemodajalcu vso utrpljeno \u0161kodo in izgubljeni prihodek.<\/p>\n<p>Splo\u0161ni pogoji poslovanja pri podjetju Prvi dom d.o.o. pri\u010dnejo veljati z dnem 25.2.2025.<\/p>\n<p>\u00a0<\/p>\n<p><em>II.SPLO\u0160NI POGOJI NAJEMA<\/em><\/p>\n<p>Vozilo lahko najame oseba starej\u0161a od 25 let, z veljavnim vozni\u0161kim dovoljenjem najmanj 3 leta.<\/p>\n<p>Veljavnost vozni\u0161kega dovoljenja mora trajati najmanj \u0161e 3 mesece po koncu najema.<\/p>\n<p>Za najem vozila je vozilo potrebno rezervirati.<\/p>\n<p>Ob prevzemu vozila in med trajanjem najema mora najemnik imeti svoje veljavno vozni\u0161ko dovoljenje s seboj.<\/p>\n<p>Najemnik mora imeti pooblastilo-dovoljenje najemodajalca za vo\u017enjo vozila oz. veljavno najemno pogodbo.<\/p>\n<p>Najemnik je dol\u017ean najemodajalcu ob podpisu najemne pogodbe navesti destinacijo potovanja.<\/p>\n<p>Najemnik, ki je naveden v pogodbi, odgovarja za posledice morebitnih kr\u0161itev pogodbe.<\/p>\n<p>Z vozilom upravlja najemnik, ki je naveden v pogodbi. Vozila ne sme dati v podnajem ali v uporabo drugi osebi.<\/p>\n<p>Najemnik se zave\u017ee, da bo ravnal z vozilom kot dober gospodar.<\/p>\n<p>Morebitne kakr\u0161nekoli kazni gredo v breme najemnika.<\/p>\n<p>V vozilu ni dovoljeno kaditi. V vozilu tudi niso dovoljene doma\u010de \u017eivali.<\/p>\n<p>Podalj\u0161anje najema ni mo\u017eno brez predhodnega dovoljenja najemodajalca.<\/p>\n<p>Najem pri\u010dne veljati s podpisom najemne pogodbe obeh pogodbenikov in primopredajnega zapisnika, pla\u010dila celotnega zneska predvidenega najema in pla\u010dila var\u0161\u010dine.<\/p>\n<p>Z obojestranskim podpisom najemne pogodbe se potrjuje ugotovljeno stanje vozila in opreme v njem. Ta zavezuje najemnika in najemodajalca.<\/p>\n<p>Najem se kon\u010da s podpisom primopredajnega zapisnika obeh pogodbenikov, poravnavi morebitnih dodatnih stro\u0161kov, ter vra\u010dilom var\u0161\u010dine. Izpis veljavnih splo\u0161nih pogojev je prilo\u017een primopredajni dokumentaciji ob prevzemu vozila ob za\u010detku najema.<\/p>\n<p>Vse morebitne nejasnosti bomo poskusili re\u0161evati z dogovorom v zadovoljstvo obeh strank, v nasprotnem primeru je za vse morebitne spore pristojno Sodi\u0161\u010de v Celju.<\/p>\n<p>\u00a0<\/p>\n<p><em>III. REZERVACIJA, PLA\u010cILA IN DOPLA\u010cILA<\/em><\/p>\n<p>Cena najema se obra\u010duna po ceniku za najem, objavljenem na na\u0161i spletni strani, glede na vozilo in termin.<\/p>\n<p>Cena najema = \u0161tevilo dni x cena na dan + obvezen paket pri najemu + dodatna oprema*<\/p>\n<p>* Dodatna oprema ni obvezna in se obra\u010duna po veljavnem ceniku.<\/p>\n<p>V ceni najema avtodoma niso vklju\u010deni stro\u0161ki goriva, cestnin (razen slovenske avtocestne vinjete), parkirnine, mostnine, komunalne takse in pristojbine, kazni za prometne in druge prekr\u0161ke povzro\u010dene v celotnem \u010dasu trajanja najema, tudi \u010de pridejo obvestila o povzro\u010denem prekr\u0161ku do najemodajalca oziroma lastnika po zaklju\u010dku najema ter drugi stro\u0161ki nastalih v \u010dasu trajanja najema (stro\u0161ki no\u010ditev, parkiranja v kampih oz. na po\u010divali\u0161\u010dih, parkiri\u0161\u010dih in ostalih povr\u0161inah \u2026).<\/p>\n<p>Rezervacija oz. pla\u010dilo are zna\u0161a 300,00 \u20ac oz. min. 40% zneska najema in se poravna ob prejemu predra\u010duna. S pla\u010dilom are za najem vozila, je rezervacija najema (termin in model vozila) potrjena.<\/p>\n<p>Ob prevzemu mora biti pla\u010dan stro\u0161ek za celoten predvideni najem (v visoki sezoni 30 dni, v nizki in srednji sezoni najmanj 14 dni pred za\u010detkom najema) ter deponirana (vpla\u010dana) celotna var\u0161\u010dina.<\/p>\n<p>Pla\u010dilo se naka\u017ee na transakcijski ra\u010dun podjetja Prvi dom d.o.o.<\/p>\n<p>Najem v visoki sezoni kraj\u0161i od enega tedna (7 dni) na\u010deloma ni mo\u017een, razen v primeru posebnih dogovorov.<\/p>\n<p>V ceni je obra\u010dunan trenutno veljavni DDV, kilometrina do 350 prevo\u017eenih km\/dan, obvezno in kasko zavarovanje, avto asistenca, obvezen paket pri najemu in izbrana dodatna oprema. Dodatni prevo\u017eeni kilometri nad 350\/dan se obra\u010dunajo po 0,42 \u20ac\/km.<\/p>\n<p>Ob vsakem najemu zara\u010dunamo enkraten stro\u0161ek obveznega paketa ob najemu vozila \u2013 priprava, primopredaja vozila, kemikalija za WC, plin, slovenska avtocestna vinjeta, prevzem vozila ob zaklju\u010dku najema ter osnovno zunanje in notranje \u010di\u0161\u010denje vozila. Obvezni paket in cena najema vozila ne vklju\u010duje praznjenja in \u010di\u0161\u010denja WC kasete ter praznjenja posode za odpadno vodo!<\/p>\n<p>DOPLA\u010cILA \u2013 po veljavnem ceniku Prvi dom d.o.o.:<\/p>\n<ul>\n<li>za prvo zamujeno uro,<\/li>\n<li>za vsako nadaljnjo uro,<\/li>\n<li>v primeru kajenja v vozilu,<\/li>\n<li>praznjenje polne WC posode in posode z odpadno vodo,<\/li>\n<li>za vsak dodatni prevo\u017een kilometer (nad 350 km\/dan),<\/li>\n<li>napa\u010dno dolitje goriva ali vode (npr. dolitje napa\u010dnega goriva, dolitje goriva v rezervoar vode oz. vode v rezervoar goriva, itd.),<\/li>\n<li>v primeru vo\u017enje doma\u010dih \u017eivali v vozilu,<\/li>\n<li>globinsko \u010di\u0161\u010denje vozila.<\/li>\n<\/ul>\n<p>V primeru, da se ob vrnitvi ugotovi, da je potrebno kakr\u0161nokoli globinsko \u010di\u0161\u010denje vozila, ga najemnik poravna po veljavnem ceniku najemodajalca.<\/p>\n<p>\u00a0<\/p>\n<p><em>IV. PREVZEM IN VRA\u010cILO VOZILA<\/em><\/p>\n<p>Vozilo prevzame najemnik ob izpolnitvi vseh pogojev, formalnosti in podpisu pogodbe, katere sestavni del so ti splo\u0161ni pogoji.<\/p>\n<p>Pri prevzemu vozila se opravi pregled celotnega vozila (oprema, mehanika, karoserija, motor, bivalni del) in se izdela zapisnik o prevzemu vozila, ki je del \u00a0najemne pogodbe.<\/p>\n<p>Najeto vozilo je ves \u010das last najemodajalca, najemniku pa se izro\u010di v najem vozilo, ki je tehni\u010dno brezhibno, vozno, z vso zakonsko predpisano obvezno opremo. V primeru, da je opreme v vozilu ve\u010d, se to zabele\u017ei v zapisnik o prevzemu vozila.<\/p>\n<p>Ob prevzemu vozila se z vozilom izro\u010di najemniku tudi vsa dokumentacija vozila (prometno dovoljenje, navodila za uporabo nadgradnje, pooblastilo za vo\u017enjo tujega vozila, kopija zavarovalne police, evropsko poro\u010dilo o prometni nesre\u010di), zavarovalna polica vozila pa mu je na vpogled pri najemodajalcu. Za prevzete dokumente posameznega vozila odgovarja najemnik kot za vozilo samo. V primeru izgube, kraje, uni\u010denja ali po\u0161kodovanja dokumentov, se za stro\u0161ke izdelave novih dokumentov bremeni najemnika po veljavnem ceniku. Najemnik se zave\u017ee najeto vozilo vrniti z dnem izteka najemne pogodbe, ob \u010dasu in na kraj, kot je dolo\u010deno v najemni pogodbi.<\/p>\n<p>Vsak poseg v vozilo s strani najemnika ali tretje nepoobla\u0161\u010dene osebe je prepovedan.<\/p>\n<p>Prevzem vozila je popoldne po 15.00 uri oz. po dogovoru. Stranki skupaj pregledata vozilo in podpi\u0161eta zapisnik o stanju vozila. Vsaka stranka dobi en izvod in je podlaga za ugotavljanje morebitne \u0161kode ob vra\u010dilu vozila.<\/p>\n<p>Vra\u010dilo vozila je dopoldne do 10.00 ure oz. po dogovoru.<\/p>\n<p>Pri prevzemu ima vozilo polno posodo goriva, dovolj vseh teko\u010din v motorju ter dovolj gospodinjskega plina, vendar prazen rezervoar za pitno vodo ter prazno WC kaseto in rezervoar odpadne vode.<\/p>\n<p>Pri prevzemu se najemnika ustno opozori na posebnosti pri vo\u017enji in uporabi vozila.<\/p>\n<p>Po podpisu primopredajnega zapisnika najemnik dobi klju\u010de in dokumente vozila.<\/p>\n<p>Najemnik vrne avtodom:<\/p>\n<ul>\n<li>o\u010di\u0161\u010den,<\/li>\n<li>s praznim rezervoarjem pitne vode,<\/li>\n<li>s praznim rezervoarjem odpadne vode,<\/li>\n<li>s prazno WC kaseto,<\/li>\n<li>s polnim rezervoarjem goriva.<\/li>\n<\/ul>\n<p>V primeru, da rezervoar za gorivo ni poln, se najemniku obra\u010duna polnjenje goriva in nastale stro\u0161ke po veljavnem ceniku dopla\u010dil najemodajalca.<\/p>\n<p>Ob vrnitvi opravita obe stranki zapisni\u0161ki pregled vozila in ugotovita skladnost stanja vozila z zapisnikom ob prevzemu.<\/p>\n<p>Najemnik odgovarja za vse po\u0161kodbe in pomanjkljivosti, ki so nastale med trajanjem najema in\/ali se ugotovijo ob vrnitvi vozila ob zaklju\u010dku najema.<\/p>\n<p>Pri ugotovitvi po\u0161kodb ali neizpolnjenih obveznostih dolo\u010denih v pogodbi, se le te obra\u010dunajo po ceniku poobla\u0161\u010denega servisa oz. dejanskih stro\u0161kih odprave \u0161kode.<\/p>\n<p>V primeru soglasja med strankama, zapisnik o vrnitvi vozila podpi\u0161eta obe stranki, vrnejo se klju\u010di in dokumenti vozila in s tem je najem zaklju\u010den. Deponirana var\u0161\u010dina se vrne.<\/p>\n<p>V primeru nesoglasja se zapisni\u0161ko ugotovi predmet spora in se lahko spro\u017ei spor na pristojnem sodi\u0161\u010du v Celju.<\/p>\n<p>\u00a0<\/p>\n<p><em>V. PREVO\u017dENI KILOMETRI<\/em><\/p>\n<p>Znesek najema vklju\u010duje prevo\u017eenih do 350 km\/dan. Za obra\u010dun kilometrine veljajo samo dnevi, za katere je obra\u010dunan najem vozila (dan prevzema in oddaje vozila se obra\u010duna kot 1 dan).<\/p>\n<p>Za obra\u010dun prevo\u017eenih kilometrov v \u010dasu najema se ugotavlja \u0161tevilo prevo\u017eenih kilometrov po tovarni\u0161ko vgrajenem \u0161tevcu kilometrov, s tem, da se popi\u0161e stanje \u0161tevca pred pri\u010detkom najema in ob vrnitvi vozila.<\/p>\n<p>V primeru okvare kilometrskega \u0161tevca na vozilu, je najemnik dol\u017ean o tem nemudoma obvestiti najemodajalca, od katerega bo dobil vsa ustrezna navodila, kako ravnati. V primeru, da obvestilo iz tega odstavka opusti, se mu zara\u010dunajo dodatni kilometri v pav\u0161alnem dnevnem se\u0161tevku v vi\u0161ini 800km\/dan.<\/p>\n<p>\u00a0<\/p>\n<p><em>VI. ZAVAROVANJE VOZILA<\/em><\/p>\n<p>Vozilo je obvezno in kasko zavarovano pri Zavarovalnici Sava.<\/p>\n<p>Veljajo Splo\u0161ni pogoji Zavarovalnice Sava, katere je najemnik vozila dol\u017ean spo\u0161tovati. Preberite si jih lahko na spletni strani Zavarovalnice Sava ali v podjetju Prvi dom d.o.o.<\/p>\n<p>V skladu z dolo\u010dbo 941. \u010dlena Obligacijskega zakonika in splo\u0161nih pogojev za zavarovanje avtomobilske odgovornosti v primeru nezgode oz. prometne nesre\u010de je najemnik dol\u017ean takoj pisno obvestiti najemodajalca o nastanku zavarovalnega primera (prometne nesre\u010de). \u010ce tega ne storite, ima zavarovalnica in posledi\u010dno najemodajalec na podlagi navedenih dolo\u010dil pravico zahtevati povrnitev morebitne \u0161kode, ki bi jima nastala zaradi opustitve prijavne dol\u017enosti.<\/p>\n<p>Najemnik mora najemodajalcu izro\u010diti vso potrebno dokumentacijo o prometni nezgodi in prilo\u017eiti skico o po\u0161kodbah avtodoma oziroma fotografije le-teh.<\/p>\n<p>\u00a0<\/p>\n<p><em>VII. ODGOVORNOST NAJEMNIKA<\/em><\/p>\n<p>Najemnik mora ob vsakokratni zapustitvi vozila, vozilo zakleniti. Klju\u010de in dokumente vozila mora varno hraniti pri sebi, v nasprotnem primeru zavarovalnica ne krije stro\u0161kov, ki so posledica kraje vozila in te stro\u0161ke brezpogojno krije v celoti najemnik vozila.<\/p>\n<p>V naslednjih primerih (\u010de najemna pogodba po razli\u010dnih pogojih ne dolo\u010da druga\u010de) najemnik odgovarja neomejeno in je, ne glede na sklenjeno zavarovanje posameznega vozila, dol\u017ean povrniti najemodajalcu vsako morebitno \u0161kodo na posameznem vozilu:<\/p>\n<ul>\n<li>po\u0161kodbe znotraj vozila (bivalni del, kabinski del, boks), brisalcev, antene in drugih pritiklin na vozilu,<\/li>\n<li>po\u0161kodbe podvozja vozila, pnevmatik, okrasnih pokrovov,<\/li>\n<li>\u010de je povzro\u010dil \u0161kodo pod vplivom alkohola, mamil, drugih narkotikov ali zdravil, pri katerih uporabi se vo\u017enja oziroma upravljanje in uporaba motornih vozil odsvetuje,<\/li>\n<li>\u010de je povzro\u010dil \u0161kodo namerno ali iz malomarnosti,<\/li>\n<li>\u010de je \u0161koda nastala kot posledica uporabe najetega vozila v nasprotju z dolo\u010dili II. to\u010dke Splo\u0161ni pogojev najema,<\/li>\n<li>\u010de je \u0161koda nastala na obmo\u010djih ali dr\u017eavah, ki so izvzeta iz zavarovanja vozila po teh splo\u0161nih pogojih (krizna obmo\u010dja, vojna in potencialna vojna obmo\u010dja ipd.),<\/li>\n<li>v drugih primerih, ki so iz zavarovanja izklju\u010deni,<\/li>\n<li>za po\u0161kodbe na vozilu, ki niso nastale ob prometni nesre\u010di,<\/li>\n<li>za po\u0161kodbe in kazni, ki so posledica nespo\u0161tovanja predpisov, zakonov, pravil\u2026<\/li>\n<\/ul>\n<p>Za zgoraj navedene primere in podobne primere najemnik odgovarja materialno in kazensko tudi po zaklju\u010dku najema, ne glede na to, kdaj prispe obvestilo o nastalem prekr\u0161ku oz. prekr\u0161kih in kazni oz. kaznih vezane na prekr\u0161ke.<\/p>\n<p>Vsi posegi najemnika ali tretjih oseb v vozilo, brez predhodnega pisnega dogovora z najemodajalcem, so prepovedani in zato se stro\u0161ki popravil ne priznavajo in ne bodo povrnjeni s strani najemodajalca.<\/p>\n<p>V primeru okvare vozila najemnik nemudoma obvesti najemodajalca, da skupaj odlo\u010dita o nadaljnjih aktivnostih (asistenca, popravilo, servis, pla\u010dilo\u2026). \u010ce okvara ni nastala po krivdi najemnika in jo je najemnik po dogovoru z najemodajalcem odpravil na ustreznem poobla\u0161\u010denem servisu, le-ta ob vra\u010dilu vozila predlo\u017ei originalen ra\u010dun, ki se mora glasiti na lastnika vozila Prvi dom d.o.o. Samo in izklju\u010dno v tem primeru najemodajalec Prvi dom d.o.o. povrne najemniku nastale stro\u0161ke.<\/p>\n<p>Najemodajalec se v primeru okvare ne obvezuje nadomestiti vozila z nadomestnim, niti ne krije nobenih stro\u0161kov, ki bi jih zaradi tega imel najemnik. Najemnik ima pravico do vseh ugodnosti in pla\u010dila stro\u0161kov, ki jih nudi zavarovanje vozila in asistenca, sklenjena pri Zavarovalnici Sava.<\/p>\n<p>V kolikor se pri predhodnem najemu vozilo okvari ali po\u0161koduje do take mere, da do rezerviranega termina rezerviranega vozila ni mogo\u010de pripraviti za najem, se najemodajalec ne obvezuje rezerviranega vozila nadomestiti z nadomestnim. Vsak tak primer se individualno re\u0161uje skladno z mo\u017enostmi najemodajalca (vra\u010dilo stro\u0161ka najema, izvedba najema v drugem terminu,\u2026).<\/p>\n<p>V primeru prometne nesre\u010de mora najemnik ravnati v skladu z zakonom. Ne glede na veljavno zakonodajo dr\u017eave, kjer se nahaja, mora:<\/p>\n<ul>\n<li>izpolniti obrazec \u00bbEvropsko poro\u010dilo o nesre\u010di\u00ab,<\/li>\n<li>napisati izjavo o nealkoholiziranosti,<\/li>\n<li>prijaviti nezgodo policiji,<\/li>\n<li>nemudoma pisno obvestiti najemodajalca o nastanku zavarovalnega primera (prometne nesre\u010de).<\/li>\n<\/ul>\n<p>V primeru, da po krivdi najemnika zavarovalnica zavrne pla\u010dilo \u0161kode, jo je dol\u017ean najemnik v celoti poravnati. V primeru, da zavarovalnica krije \u0161kodo, pa je najemnik dol\u017ean poravnati znesek odbitne fran\u0161ize, ki se mu obra\u010duna pri vra\u010dilu var\u0161\u010dine.<\/p>\n<p>V kolikor se v primeru nesre\u010de ugotovi vinjenost ali velika malomarnost najemnika, kasko zavarovanje ne velja in gredo vsi stro\u0161ki popravila in izostanka dohodka najemodajalca v breme najemniku.<\/p>\n<p>V primeru po\u0161kodovanja vozila od neznane osebe je najemnik dol\u017ean dogodek prijaviti policiji in pridobiti policijski zapisnik.<\/p>\n<p>Najemnik ne odgovarja za \u0161kodo na najetem vozilu, ki bi nastala zaradi po\u017eara ali tatvine, razen v primeru, \u010de ni sam odgovoren za nastalo \u0161kodo.<\/p>\n<p>V primeru po\u017eara ali tatvine mora najemnik \u0161kodo nemudoma prijaviti policiji ali drugemu pristojnemu organu, v nasprotnem primeru sam odgovarja za vso nastalo \u0161kodo.<\/p>\n<p>\u00a0<\/p>\n<p><em>VIII. VAR\u0160\u010cINA<\/em><\/p>\n<p>Ob prevzemu vozila je potrebno deponirati var\u0161\u010dino (vi\u0161ina odvisna od vozila in modela), ki se uporabi za pla\u010dilo:<\/p>\n<ul>\n<li>odbitne fran\u0161ize v primeru nesre\u010de ali kraje vozila,<\/li>\n<li>izgube bonusa pri zavarovanju,<\/li>\n<li>manjkajo\u010do ali po\u0161kodovano opremo po veljavnem ceniku Prvi dom o.o.<\/li>\n<li>izvedbo potrebnih popravil in nadomestnih delov,<\/li>\n<li>razlogov, ki nastanejo iz nespo\u0161tovanja \u00bbNAJEMNIH POGOJEV\u00ab, pravil, zakonov in drugih predpisov.<\/li>\n<\/ul>\n<p>Var\u0161\u010dina je za celoten \u010das najema, oziroma v primeru po\u0161kodbe oziroma uveljavitve zavarovanja ter do razjasnitve vseh nejasnosti glede morebitnih po\u0161kodb in okvar vozila, deponirana v podjetju Prvi dom d.o.o. Celoten znesek var\u0161\u010dine se najemniku vrne, \u010de sta vozilo in oprema ob vrnitvi nepo\u0161kodovana, oz. \u010de z njim ni bila povzro\u010dena nobena \u0161koda. Vra\u010dilo var\u0161\u010dine se izvr\u0161i v roku 10 (desetih) delovnih dni po vra\u010dilu vozila oz. zaklju\u010dku najema.<\/p>\n<p>\u00a0<\/p>\n<p><em>IX.ODPOVED IN PREKINITEV NAJEMA VOZILA<\/em><\/p>\n<p>V primeru, da najemnik ne spo\u0161tuje v III. To\u010dki Splo\u0161nih pogojev za RENT navedenih pla\u010dilnih rokov, se \u0161teje rezervacija najema vozila za odpovedano in najemodajalec zadr\u017ei aro za rezervacijo brez od\u0161kodnine in je ni dol\u017ean povrniti.<\/p>\n<p>V primeru pisne odpovedi ali v primeru, da najemnik ne prevzame vozila ob \u010dasu, navedenem v Potrdilu o rezervaciji, se smatra to kot odpoved najema vozila za rezervirano obdobje. Najemodajalec si pridr\u017euje pravico do zadr\u017eanja celotnega vpla\u010danega zneska vrednosti najema vozila. Izjema je le v primeru, da pri najemniku pride do odpovedi najema zaradi dokazljive vi\u0161je sile (smrt ali bolezen, zaradi katere je potrebno bolni\u0161ni\u010dno zdravljenje oziroma redna zdravni\u0161ka oskrba-potrdilo le\u017ee\u010dega zdravnika), krije najemnik povrnitev izgube najemodajalcu v vi\u0161ini 20 % predvidene vrednosti celotne vrednosti najema.<\/p>\n<p>\u010ce najemnik na lastno \u017eeljo prekine najem pred\u010dasno kot je navedeno v Pogodbi o najemu vozila, mu najemodajalec ob vrnitvi ne bo v nobenem primeru povrnil razliko zneska za preostanek trajanja (neizkori\u0161\u010deni del) najema vozila, razen v primeru dokazljive vi\u0161je sile (opisane zgoraj).<\/p>\n<p>V primeru, de najemnik sam najde zamenjavo, najemodajalec obra\u010duna za odpoved najema vozila administrativne stro\u0161ke po veljavnem ceniku.<\/p>\n<p>Najemnik lahko najem vozila, za katerega ima sklenjeno veljavno najemno pogodbo, s pisnim dogovorom z najemodajalcem, podalj\u0161a najkasneje do 24 ur pred iztekom najema po najemni pogodbi, a le v primeru, da je termin prost. Ob podalj\u0161anju najema je najemnik dol\u017ean najemodajalcu deponirati nadaljnje predvidene stro\u0161ke najema za \u010das podalj\u0161anja.<\/p>\n<p>Pri nedovoljenem podalj\u0161anju najema za ve\u010d kot 1(en) dan, bo najemodajalec opravil ovadbo pri pristojnih organih in zadr\u017eal var\u0161\u010dino v celoti.<\/p>\n<p>V primeru neupo\u0161tevanja dolo\u010dil s strani najemnika je najemodajalec upravi\u010den takoj odpovedati najemno pogodbo, najemnik pa je odgovoren in obvezan (v najkraj\u0161em \u010dasu) vrniti vozilo najemodajalcu, povrniti stro\u0161ke za vso morebiti, zaradi nespo\u0161tovanja tega dolo\u010dila, utrpljeno \u0161kodo in izgubljeni dobi\u010dek.<\/p>\n<p>\u00a0<\/p>\n<p><em>X. PREPOVEDANA RABA VOZILA<\/em><\/p>\n<p>Najemnik se obve\u017ee, da bo vozilo koristil izklju\u010dno v potovalne namene, nikakor pa ne za zakonsko nedovoljene dejavnosti.<\/p>\n<p>Najeto vozilo se ne sme uporabljati, upravljati ali voziti v naslednjih primerih:<\/p>\n<ul>\n<li>udele\u017ebo vozila na motoristi\u010dnih prireditvah ali uporabo vozila kot testno vozilo,<\/li>\n<li>za prevoz nevarnih snovi, eksplozivnih, hitro gorljivih, strupenih ali druga\u010de nevarnih snovi,<\/li>\n<li>za prevoz oro\u017eja, mamil in podobno,<\/li>\n<li>za vo\u017enjo po vojnih in drugih ogro\u017eenih podro\u010djih,<\/li>\n<li>za kakr\u0161enkoli pla\u010dani prevoz potnikov, stvari ali blaga,<\/li>\n<li>za kakr\u0161nakoli \u0161portna ali druga tekmovanja,<\/li>\n<li>za pogon ali vleko kakr\u0161negakoli drugega vozila ali predmeta,<\/li>\n<li>s strani oseb, ki so pod vplivom alkohola, mamil ali drugih narkotikov, pomirjeval, uspaval, zdravil, pri katerih uporabi odsvetujejo vo\u017enjo motornih vozil ipd.,<\/li>\n<li>v primeru, da vozilo ni v voznem stanju ali ni tehni\u010dno brezhibno, pa najemnik vozila za to ve,<\/li>\n<li>v primeru, da je vozilo preobremenjeno oziroma preobte\u017eeno s takim \u0161tevilom potnikov, ki presega \u0161tevilo potnikov, za katerega je posamezno vozilo registrirano oziroma s koli\u010dino tovora, ki presega dovoljeno mejo obte\u017eitve,<\/li>\n<li>izven cest I., II. in III. Reda,<\/li>\n<li>v nasprotju s cestno prometnimi predpisi in drugimi veljavnimi predpisi dr\u017eave, na \u010digar ozemlju se vozilo uporablja,<\/li>\n<li>izven okvirov vo\u017enje, ki jih dopu\u0161\u010dajo vozne razmere in druge okoli\u0161\u010dine vo\u017enje, uporabe ali upravljanja vozila v posameznem trenutku,<\/li>\n<li>za nadaljnjo oddajo v najem ali uporabo komu tretjemu, ki ni naveden na pogodbi o najemu,<\/li>\n<li>v kakr\u0161nekoli namene, ki so v nasprotju z nameni, za katere je bila sklenjena pogodba o najemu vozila, katere sestavni del so ti splo\u0161ni pogoji.<\/li>\n<\/ul>\n<p>\u00a0<\/p>\n<p><em>XI. KAMPIRANJE IN UPORABA VOZILA NA HRVA\u0160KEM IN DRUGIH DR\u017dAVAH<\/em><\/p>\n<p>Najemnik izjavlja da je izrecno seznanjen o spremembah zakona o gostinski dejavnosti na Hrva\u0161kem, kateri velja od 01.05.2009 po katerem je kampiranje (to v skrajnem primeru pomeni tudi preprosto preno\u010devanje v vozila ali vsako parkiranje vozila izven parkiranju namenjenega prostora) izven kampov na Hrva\u0161kem prekr\u0161ek, ki se kaznuje z denarno kaznijo.<\/p>\n<p>\u010ce gre za tovrstno nedovoljeno kampiranje na zasebnem zemlji\u0161\u010du (torej takem, ki ni dr\u017eavno, ob\u010dinsko ali mestno), se lahko in\u0161pektor odlo\u010di tudi za takoj\u0161nje pe\u010datenje vozila za obdobje 60 dni. Odpe\u010datenje vozila je kaznivo dejanje.<\/p>\n<p>Najemnik se zavezuje, da v primeru uporabe po tej pogodbi najetega vozila kjerkoli oz. v katerikoli dr\u017eavi, ne bo kr\u0161il zgornjega zakona.<\/p>\n<p>V primeru kr\u0161itve najemnik v celoti odgovarja za vso nastalo \u0161kodo, vklju\u010dno s povra\u010dilom celotnega izpada prihodka najemodajalca zaradi nedosegljivosti vozila v \u010dasu zape\u010datenja, stro\u0161kov prevoza vozila nazaj do najemodajalca po poteku obdobja zape\u010datenja, \u0161kodo, nastalo na vozilu v obdobju zape\u010datenja zaradi vandalizma, vloma, kraje, vdora vode, glodalcev ali kakr\u0161nekoli druge \u0161kode, ki bi nastala najemodajalcu kot posledica nespo\u0161tovanja zakona na Hrva\u0161kem ali v drugi dr\u017eavi.<\/p>\n<p>Spodaj podpisani najemnik izjavljam, da so vsi moji osebni podatki in dokumenti resni\u010dni ter da sem seznanjen s splo\u0161nimi pogoji poslovanja, ki so sestavni del najemne pogodbe in se z njimi strinjam, kar potrjujem s svojim podpisom.<\/p>\n<p>Pred podpisom pogodbe najemnik predlo\u017ei najemodajalcu na vpogled veljavno vozni\u0161ko dovoljenje in osebni dokument.<\/p>\n<p>\u017dalec, 05.03.2025<\/p>\n<p>Direktor : Zvonko \u017dagar<\/p>\n\n","protected":false},"excerpt":{"rendered":"","protected":false},"author":1,"featured_media":0,"parent":0,"menu_order":0,"comment_status":"closed","ping_status":"closed","template":"","meta":{"pagelayer_contact_templates":[],"_pagelayer_content":"","footnotes":""},"class_list":["post-566","page","type-page","status-publish","hentry"],"_links":{"self":[{"href":"https:\/\/prvidom.si\/avtodom\/wp-json\/wp\/v2\/pages\/566","targetHints":{"allow":["GET"]}}],"collection":[{"href":"https:\/\/prvidom.si\/avtodom\/wp-json\/wp\/v2\/pages"}],"about":[{"href":"https:\/\/prvidom.si\/avtodom\/wp-json\/wp\/v2\/types\/page"}],"author":[{"embeddable":true,"href":"https:\/\/prvidom.si\/avtodom\/wp-json\/wp\/v2\/users\/1"}],"replies":[{"embeddable":true,"href":"https:\/\/prvidom.si\/avtodom\/wp-json\/wp\/v2\/comments?post=566"}],"version-history":[{"count":9,"href":"https:\/\/prvidom.si\/avtodom\/wp-json\/wp\/v2\/pages\/566\/revisions"}],"predecessor-version":[{"id":717,"href":"https:\/\/prvidom.si\/avtodom\/wp-json\/wp\/v2\/pages\/566\/revisions\/717"}],"wp:attachment":[{"href":"https:\/\/prvidom.si\/avtodom\/wp-json\/wp\/v2\/media?parent=566"}],"curies":[{"name":"wp","href":"https:\/\/api.w.org\/{rel}","templated":true}]}}