{"id":564,"date":"2025-02-26T08:12:43","date_gmt":"2025-02-26T08:12:43","guid":{"rendered":"https:\/\/prvidom.si\/avtodom\/?page_id=564"},"modified":"2025-03-07T07:20:29","modified_gmt":"2025-03-07T07:20:29","slug":"cenik","status":"publish","type":"page","link":"https:\/\/prvidom.si\/avtodom\/cenik\/","title":{"rendered":"Cenik"},"content":{"rendered":"\n<div class=\"row\"  id=\"row-685888923\">\n\n\n\t<div id=\"col-845708715\" class=\"col small-12 large-12\"  >\n\t\t\t\t<div class=\"col-inner\"  >\n\t\t\t\n\t\t\t\n\n<div class=\"container section-title-container\" ><h4 class=\"section-title section-title-center\"><b><\/b><span class=\"section-title-main\" >Cenik za najem avtodoma Weinsberg X-Curson MQ 500  (za leto 2025)<\/span><b><\/b><\/h4><\/div>\n\n<p><strong>Za 4\u00a0 osebe, 2+2 le\u017ei\u0161\u010da, motorna klima, Turma 4D, tempomat,\u00a0 kamera za vzvratno vo\u017enjo,\u00a0navigacija, SAT TV, zimsko-letni<\/strong><\/p>\n<p><strong>Cene vklju\u010dujejo DDV<\/strong><\/p>\n<div class=\"row\"  id=\"row-1528392573\">\n\n\n\t<div id=\"col-993088331\" class=\"col small-12 large-12\"  >\n\t\t\t\t<div class=\"col-inner\"  >\n\t\t\t\n\t\t\t\n\n\t<div class=\"img has-hover hide-for-small x md-x lg-x y md-y lg-y\" id=\"image_1006338760\">\n\t\t\t\t\t\t\t\t<div class=\"img-inner dark\" >\n\t\t\t<img loading=\"lazy\" decoding=\"async\" width=\"867\" height=\"399\" src=\"https:\/\/prvidom.si\/avtodom\/wp-content\/uploads\/2025\/03\/Cenik-Marec-2025.jpg\" class=\"attachment-large size-large\" alt=\"\" srcset=\"https:\/\/prvidom.si\/avtodom\/wp-content\/uploads\/2025\/03\/Cenik-Marec-2025.jpg 867w, https:\/\/prvidom.si\/avtodom\/wp-content\/uploads\/2025\/03\/Cenik-Marec-2025-800x368.jpg 800w, https:\/\/prvidom.si\/avtodom\/wp-content\/uploads\/2025\/03\/Cenik-Marec-2025-768x353.jpg 768w\" sizes=\"auto, (max-width: 867px) 100vw, 867px\" \/>\t\t\t\t\t\t\n\t\t\t\t\t<\/div>\n\t\t\t\t\t\t\t\t\n<style>\n#image_1006338760 {\n  width: 100%;\n}\n<\/style>\n\t<\/div>\n\t\n\n\t<div class=\"img has-hover show-for-small x md-x lg-x y md-y lg-y\" id=\"image_1866279610\">\n\t\t\t\t\t\t\t\t<div class=\"img-inner dark\" >\n\t\t\t<img loading=\"lazy\" decoding=\"async\" width=\"508\" height=\"399\" src=\"https:\/\/prvidom.si\/avtodom\/wp-content\/uploads\/2025\/03\/Cenik-Marec-2025-Nizka.jpg\" class=\"attachment-original size-original\" alt=\"\" \/>\t\t\t\t\t\t\n\t\t\t\t\t<\/div>\n\t\t\t\t\t\t\t\t\n<style>\n#image_1866279610 {\n  width: 88%;\n}\n<\/style>\n\t<\/div>\n\t\n\n\t<div class=\"img has-hover show-for-small x md-x lg-x y md-y lg-y\" id=\"image_1464369166\">\n\t\t\t\t\t\t\t\t<div class=\"img-inner dark\" >\n\t\t\t<img loading=\"lazy\" decoding=\"async\" width=\"509\" height=\"399\" src=\"https:\/\/prvidom.si\/avtodom\/wp-content\/uploads\/2025\/03\/Cenik-Marec-2025-Sredna.jpg\" class=\"attachment-original size-original\" alt=\"\" \/>\t\t\t\t\t\t\n\t\t\t\t\t<\/div>\n\t\t\t\t\t\t\t\t\n<style>\n#image_1464369166 {\n  width: 88%;\n}\n<\/style>\n\t<\/div>\n\t\n\n\t<div class=\"img has-hover show-for-small x md-x lg-x y md-y lg-y\" id=\"image_1914573999\">\n\t\t\t\t\t\t\t\t<div class=\"img-inner dark\" >\n\t\t\t<img loading=\"lazy\" decoding=\"async\" width=\"497\" height=\"399\" src=\"https:\/\/prvidom.si\/avtodom\/wp-content\/uploads\/2025\/03\/Cenik-Marec-2025-Visoka.jpg\" class=\"attachment-original size-original\" alt=\"\" \/>\t\t\t\t\t\t\n\t\t\t\t\t<\/div>\n\t\t\t\t\t\t\t\t\n<style>\n#image_1914573999 {\n  width: 88%;\n}\n<\/style>\n\t<\/div>\n\t\n\n\n\t\t<\/div>\n\t\t\t\t\t<\/div>\n\n\t\n\n<\/div>\n\n\t\t<\/div>\n\t\t\t\t\t<\/div>\n\n\t\n\n<\/div>\n\t<div id=\"text-1429314686\" class=\"text\">\n\t\t\n\n<p><strong>GRATIS \u2013 BREZ DOPLA\u010cILA:\u00a04 zlo\u017eljivi stoli, zlo\u017eljiva kamp miza, cev za nalivanje vode, elektri\u010dni priklju\u010dki in podalj\u0161ek, izravnalni klini<\/strong><\/p>\n<p><strong>\u00a0<\/strong><\/p>\n\t\t\n<style>\n#text-1429314686 {\n  text-align: center;\n}\n@media (min-width:550px) {\n  #text-1429314686 {\n    text-align: left;\n  }\n}\n@media (min-width:850px) {\n  #text-1429314686 {\n    text-align: left;\n  }\n}\n<\/style>\n\t<\/div>\n\t\n<div class=\"row\"  id=\"row-929114396\">\n\n\n\t<div id=\"col-1180880073\" class=\"col small-12 large-12\"  >\n\t\t\t\t<div class=\"col-inner\"  >\n\t\t\t\n\t\t\t\n\n\t<div id=\"text-2503457233\" class=\"text\">\n\t\t\n\n<p>OPOMBE:<br \/>&#8211; doma\u010de \u017eivali v avtodomu niso dovoljene, v primeru neupo\u0161tevanja se zara\u010duna \u010di\u0161\u010denje 150 \u20ac,<\/p>\n<p>&#8211; v primeru trdovratnih made\u017eev na oblazinjenih delih se dodano obra\u010duna kemi\u010dno \u010di\u0161\u010denje 30\u00a0 \u20ac\/sede\u017e oz. 50 \u20ac\/postelja,<\/p>\n<p>&#8211; v kolikor WC kaseta ni izpraznjena in o\u010di\u0161\u010dena, dodana teko\u010dina za kemi\u010dni WC, se zara\u010duna \u010di\u0161\u010denje kasete 100 \u20ac,<\/p>\n<p>&#8211; kajenje v avtodomu je strogo prepovedano, v kolikor se kr\u0161i opombo, se zara\u010duna \u010di\u0161\u010denje in dezinfekcija v znesku 300 \u20ac,<\/p>\n<p>&#8211; za zelo umazano vozilo (smeti, praznjenje hladilnika, velika koli\u010dina umazanije v avtodomu, listje, blato, &#8230;), se zara\u010duna \u010di\u0161\u010denje v znesku 150 \u20ac,<\/p>\n<p>&#8211; izguba ali kraja dokumentov se zara\u010duna po dejanskih stro\u0161kih plus 50 \u20ac za stro\u0161ek urejanja nadomestnih dokumentov,<\/p>\n<p>&#8211; cena za prese\u017een kilometer 0,42 \u20ac\/km<\/p>\n<p>&#8211; cena za vsako zamujeno uro 100 \u20ac<\/p>\n<p>Zgoraj navedene cene vklju\u010dujejo 22% DDV.<\/p>\n\t\t\n<style>\n#text-2503457233 {\n  font-size: 0.95rem;\n  text-align: left;\n}\n<\/style>\n\t<\/div>\n\t\n\n\t\t<\/div>\n\t\t\t\t\t<\/div>\n\n\t\n\n<\/div>\n\n","protected":false},"excerpt":{"rendered":"","protected":false},"author":1,"featured_media":0,"parent":0,"menu_order":0,"comment_status":"closed","ping_status":"closed","template":"","meta":{"pagelayer_contact_templates":[],"_pagelayer_content":"","footnotes":""},"class_list":["post-564","page","type-page","status-publish","hentry"],"_links":{"self":[{"href":"https:\/\/prvidom.si\/avtodom\/wp-json\/wp\/v2\/pages\/564","targetHints":{"allow":["GET"]}}],"collection":[{"href":"https:\/\/prvidom.si\/avtodom\/wp-json\/wp\/v2\/pages"}],"about":[{"href":"https:\/\/prvidom.si\/avtodom\/wp-json\/wp\/v2\/types\/page"}],"author":[{"embeddable":true,"href":"https:\/\/prvidom.si\/avtodom\/wp-json\/wp\/v2\/users\/1"}],"replies":[{"embeddable":true,"href":"https:\/\/prvidom.si\/avtodom\/wp-json\/wp\/v2\/comments?post=564"}],"version-history":[{"count":16,"href":"https:\/\/prvidom.si\/avtodom\/wp-json\/wp\/v2\/pages\/564\/revisions"}],"predecessor-version":[{"id":730,"href":"https:\/\/prvidom.si\/avtodom\/wp-json\/wp\/v2\/pages\/564\/revisions\/730"}],"wp:attachment":[{"href":"https:\/\/prvidom.si\/avtodom\/wp-json\/wp\/v2\/media?parent=564"}],"curies":[{"name":"wp","href":"https:\/\/api.w.org\/{rel}","templated":true}]}}