{"id":382,"date":"2013-08-06T20:13:19","date_gmt":"2013-08-06T20:13:19","guid":{"rendered":"http:\/\/localhost:8888\/test\/?page_id=17"},"modified":"2025-04-17T17:03:45","modified_gmt":"2025-04-17T17:03:45","slug":"avto-dom","status":"publish","type":"page","link":"https:\/\/prvidom.si\/avtodom\/","title":{"rendered":"Domov"},"content":{"rendered":"\n<div class=\"slider-wrapper relative\" id=\"slider-1955379018\" >\n    <div class=\"slider slider-nav-circle slider-nav-large slider-nav-light slider-style-normal\"\n        data-flickity-options='{\n            \"cellAlign\": \"center\",\n            \"imagesLoaded\": true,\n            \"lazyLoad\": 1,\n            \"freeScroll\": false,\n            \"wrapAround\": true,\n            \"autoPlay\": 6000,\n            \"pauseAutoPlayOnHover\" : true,\n            \"prevNextButtons\": true,\n            \"contain\" : true,\n            \"adaptiveHeight\" : true,\n            \"dragThreshold\" : 10,\n            \"percentPosition\": true,\n            \"pageDots\": true,\n            \"rightToLeft\": false,\n            \"draggable\": true,\n            \"selectedAttraction\": 0.1,\n            \"parallax\" : 0,\n            \"friction\": 0.6        }'\n        >\n        \n\n\t<div class=\"img has-hover x md-x lg-x y md-y lg-y\" id=\"image_277391711\">\n\t\t\t\t\t\t\t\t<div class=\"img-inner dark\" >\n\t\t\t<img loading=\"lazy\" decoding=\"async\" width=\"1020\" height=\"221\" src=\"https:\/\/prvidom.si\/avtodom\/wp-content\/uploads\/2025\/02\/VW-Weinsberg-Plakat-1400x303.jpg\" class=\"attachment-large size-large\" alt=\"\" srcset=\"https:\/\/prvidom.si\/avtodom\/wp-content\/uploads\/2025\/02\/VW-Weinsberg-Plakat-1400x303.jpg 1400w, https:\/\/prvidom.si\/avtodom\/wp-content\/uploads\/2025\/02\/VW-Weinsberg-Plakat-800x173.jpg 800w, https:\/\/prvidom.si\/avtodom\/wp-content\/uploads\/2025\/02\/VW-Weinsberg-Plakat-768x166.jpg 768w, https:\/\/prvidom.si\/avtodom\/wp-content\/uploads\/2025\/02\/VW-Weinsberg-Plakat-1536x332.jpg 1536w, https:\/\/prvidom.si\/avtodom\/wp-content\/uploads\/2025\/02\/VW-Weinsberg-Plakat-2048x443.jpg 2048w, https:\/\/prvidom.si\/avtodom\/wp-content\/uploads\/2025\/02\/VW-Weinsberg-Plakat-510x110.jpg 510w\" sizes=\"auto, (max-width: 1020px) 100vw, 1020px\" \/>\t\t\t\t\t\t\n\t\t\t\t\t<\/div>\n\t\t\t\t\t\t\t\t\n<style>\n#image_277391711 {\n  width: 100%;\n}\n<\/style>\n\t<\/div>\n\t\n\n\n     <\/div>\n\n     <div class=\"loading-spin dark large centered\"><\/div>\n\n\t<\/div>\n\n\n<div class=\"row row-large\"  id=\"row-438413290\">\n\n\n\t<div id=\"col-377057744\" class=\"col medium-6 small-12 large-6\"  >\n\t\t\t\t<div class=\"col-inner\"  >\n\t\t\t\n\t\t\t\n\n\n  <div class=\"banner has-hover bg-zoom-fade\" id=\"banner-1560460331\">\n          <div class=\"banner-inner fill\">\n        <div class=\"banner-bg fill\" >\n            <div class=\"bg fill bg-fill \"><\/div>\n                                    \n                    <\/div>\n\t\t\n        <div class=\"banner-layers container\">\n            <a class=\"fill\" href=\"https:\/\/prvidom.si\/avtodom\/kontakt\/\" ><div class=\"fill banner-link\"><\/div><\/a>            \n\n   <div id=\"text-box-981237302\" class=\"text-box banner-layer x100 md-x100 lg-x100 y100 md-y100 lg-y100 res-text\">\n                                <div class=\"text-box-content text dark\">\n              \n              <div class=\"text-inner text-center\">\n                  \n\n<h3><strong><span class=\"uppercase\">Kontakt<\/span><\/strong><\/h3>\n<div class=\"is-divider divider clearfix\" ><\/div>\n\n\n              <\/div>\n           <\/div>\n                            \n<style>\n#text-box-981237302 {\n  width: 60%;\n}\n#text-box-981237302 .text-box-content {\n  font-size: 100%;\n}\n<\/style>\n    <\/div>\n \n\n        <\/div>\n      <\/div>\n\n            \n<style>\n#banner-1560460331 {\n  padding-top: 210px;\n}\n#banner-1560460331 .bg.bg-loaded {\n  background-image: url(https:\/\/prvidom.si\/avtodom\/wp-content\/uploads\/2025\/02\/1032635-534x400.jpg);\n}\n#banner-1560460331 .bg {\n  background-position: 20%;\n}\n<\/style>\n  <\/div>\n\n\n\n\t\t<\/div>\n\t\t\t\t\t<\/div>\n\n\t\n\n\t<div id=\"col-689589359\" class=\"col medium-6 small-12 large-6\"  >\n\t\t\t\t<div class=\"col-inner\"  >\n\t\t\t\n\t\t\t\n\n\n  <div class=\"banner has-hover bg-zoom-fade\" id=\"banner-2045306618\">\n          <div class=\"banner-inner fill\">\n        <div class=\"banner-bg fill\" >\n            <div class=\"bg fill bg-fill \"><\/div>\n                                    \n                    <\/div>\n\t\t\n        <div class=\"banner-layers container\">\n            <a class=\"fill\" href=\"https:\/\/prvidom.si\/avtodom\/avtodom\/\" ><div class=\"fill banner-link\"><\/div><\/a>            \n\n   <div id=\"text-box-1309100357\" class=\"text-box banner-layer x100 md-x100 lg-x100 y100 md-y100 lg-y100 res-text\">\n                                <div class=\"text-box-content text dark\">\n              \n              <div class=\"text-inner text-center\">\n                  \n\n<h2><strong><span class=\"uppercase\">Na\u0161e vozilo<br \/><\/span><\/strong><\/h2>\n<div class=\"is-divider divider clearfix\" ><\/div>\n\n\n              <\/div>\n           <\/div>\n                            \n<style>\n#text-box-1309100357 {\n  width: 60%;\n}\n#text-box-1309100357 .text-box-content {\n  font-size: 100%;\n}\n<\/style>\n    <\/div>\n \n\n        <\/div>\n      <\/div>\n\n            \n<style>\n#banner-2045306618 {\n  padding-top: 205px;\n}\n#banner-2045306618 .bg.bg-loaded {\n  background-image: url(https:\/\/prvidom.si\/avtodom\/wp-content\/uploads\/2025\/02\/2032720.jpg);\n}\n<\/style>\n  <\/div>\n\n\n\n\t\t<\/div>\n\t\t\t\t\t<\/div>\n\n\t\n\n<\/div>\n\t<div id=\"gap-1708401476\" class=\"gap-element clearfix\" style=\"display:block; height:auto;\">\n\t\t\n<style>\n#gap-1708401476 {\n  padding-top: 40px;\n}\n<\/style>\n\t<\/div>\n\t\n\n<div class=\"row row-divided\"  id=\"row-684946686\">\n\n\n\t<div id=\"col-1666070295\" class=\"col medium-4 small-12 large-4\"  >\n\t\t\t\t<div class=\"col-inner\"  >\n\t\t\t\n\t\t\t\n\n\n\t\t<div class=\"icon-box featured-box icon-box-center text-center\"  style=\"margin:0px 0px 0px 0px;\">\n\t\t\t\t\t<div class=\"icon-box-img has-icon-bg\" style=\"width: 170px\">\n\t\t\t\t<div class=\"icon\">\n\t\t\t\t\t<div class=\"icon-inner\" style=\"border-width:2px;color:rgb(182, 182, 182);\">\n\t\t\t\t\t\t<img loading=\"lazy\" decoding=\"async\" width=\"225\" height=\"225\" src=\"https:\/\/prvidom.si\/avtodom\/wp-content\/uploads\/2025\/02\/Avto-Dom-1.jpg\" class=\"attachment-medium size-medium\" alt=\"\" srcset=\"https:\/\/prvidom.si\/avtodom\/wp-content\/uploads\/2025\/02\/Avto-Dom-1.jpg 225w, https:\/\/prvidom.si\/avtodom\/wp-content\/uploads\/2025\/02\/Avto-Dom-1-100x100.jpg 100w\" sizes=\"auto, (max-width: 225px) 100vw, 225px\" \/>\t\t\t\t\t<\/div>\n\t\t\t\t<\/div>\n\t\t\t<\/div>\n\t\t\t\t<div class=\"icon-box-text last-reset\">\n\t\t\t<h5 class=\"uppercase\">Zakaj najeti na\u0161 avtodom<\/h5>\t\t\t\t\t\t\n\n<p>Na\u0161e vozilo vam bo zaradi kompaktnih dimenzij in ni\u017eje te\u017ee vozila olaj\u0161ala njegovo uporabo. Prav tako boste zaradi ni\u017eje porabe goriva imeli precej ni\u017eje stro\u0161ke va\u0161ega potovanja.<u><\/u><u><\/u><\/p>\n<a href=\"https:\/\/prvidom.si\/avtodom\/avtodom\/\" class=\"button primary lowercase hidden\"  style=\"border-radius:99px;\">\n    <span>Ve\u010d...<\/span>\n  <\/a>\n\n\n\n\t\t<\/div>\n\t<\/div>\n\t\n\t\n\n\t\t<\/div>\n\t\t\t\t\t<\/div>\n\n\t\n\n\t<div id=\"col-1364017700\" class=\"col medium-4 small-12 large-4\"  >\n\t\t\t\t<div class=\"col-inner\"  >\n\t\t\t\n\t\t\t\n\n\n\t\t<div class=\"icon-box featured-box icon-box-center text-center\"  style=\"margin:0px 0px 0px 0px;\">\n\t\t\t\t\t<div class=\"icon-box-img has-icon-bg\" style=\"width: 170px\">\n\t\t\t\t<div class=\"icon\">\n\t\t\t\t\t<div class=\"icon-inner\" style=\"border-width:2px;color:rgb(182, 182, 182);\">\n\t\t\t\t\t\t<img loading=\"lazy\" decoding=\"async\" width=\"225\" height=\"225\" src=\"https:\/\/prvidom.si\/avtodom\/wp-content\/uploads\/2025\/02\/Avto-Dom-1.jpg\" class=\"attachment-medium size-medium\" alt=\"\" srcset=\"https:\/\/prvidom.si\/avtodom\/wp-content\/uploads\/2025\/02\/Avto-Dom-1.jpg 225w, https:\/\/prvidom.si\/avtodom\/wp-content\/uploads\/2025\/02\/Avto-Dom-1-100x100.jpg 100w\" sizes=\"auto, (max-width: 225px) 100vw, 225px\" \/>\t\t\t\t\t<\/div>\n\t\t\t\t<\/div>\n\t\t\t<\/div>\n\t\t\t\t<div class=\"icon-box-text last-reset\">\n\t\t\t<h5 class=\"uppercase\">Kako najeti avtodom<\/h5>\t\t\t\t\t\t\n\n<p>-nasveti za pravilno izbiro, postopek rezervacije, prevzema vozila, varne uporabe in vra\u010dila avtodoma.<\/p>\n<a href=\"https:\/\/prvidom.si\/avtodom\/rezervacija-avtodoma\/\" class=\"button primary lowercase\"  style=\"border-radius:99px;\">\n    <span>Preberi si...<\/span>\n  <\/a>\n\n\n\n\t\t<\/div>\n\t<\/div>\n\t\n\t\n\n\t\t<\/div>\n\t\t\t\t\t<\/div>\n\n\t\n\n\t<div id=\"col-1577153167\" class=\"col medium-4 small-12 large-4\"  >\n\t\t\t\t<div class=\"col-inner\"  >\n\t\t\t\n\t\t\t\n\n\n\t\t<div class=\"icon-box featured-box icon-box-center text-center\"  style=\"margin:0px 0px 0px 0px;\">\n\t\t\t\t\t<div class=\"icon-box-img has-icon-bg\" style=\"width: 170px\">\n\t\t\t\t<div class=\"icon\">\n\t\t\t\t\t<div class=\"icon-inner\" style=\"border-width:2px;color:rgb(182, 182, 182);\">\n\t\t\t\t\t\t<img loading=\"lazy\" decoding=\"async\" width=\"225\" height=\"225\" src=\"https:\/\/prvidom.si\/avtodom\/wp-content\/uploads\/2025\/02\/Avto-Dom-1.jpg\" class=\"attachment-medium size-medium\" alt=\"\" srcset=\"https:\/\/prvidom.si\/avtodom\/wp-content\/uploads\/2025\/02\/Avto-Dom-1.jpg 225w, https:\/\/prvidom.si\/avtodom\/wp-content\/uploads\/2025\/02\/Avto-Dom-1-100x100.jpg 100w\" sizes=\"auto, (max-width: 225px) 100vw, 225px\" \/>\t\t\t\t\t<\/div>\n\t\t\t\t<\/div>\n\t\t\t<\/div>\n\t\t\t\t<div class=\"icon-box-text last-reset\">\n\t\t\t<h5 class=\"uppercase\">Povpra\u0161evanje<\/h5>\t\t\t\t\t\t\n\n<p>Z nekaj kliki oddajte svoje povpra\u0161evanje in poslali vam bomo ponudbo za va\u0161 najem.<\/p>\n<a href=\"https:\/\/prvidom.si\/avtodom\/kontakt\/\" class=\"button primary lowercase\"  style=\"border-radius:99px;\">\n    <span>Oddaj povpra\u0161evanje<\/span>\n  <\/a>\n\n\n\n\t\t<\/div>\n\t<\/div>\n\t\n\t\n\n\t\t<\/div>\n\t\t\t\t\t<\/div>\n\n\t\n\n<\/div>\n\t<div id=\"gap-323286451\" class=\"gap-element clearfix\" style=\"display:block; height:auto;\">\n\t\t\n<style>\n#gap-323286451 {\n  padding-top: 40px;\n}\n<\/style>\n\t<\/div>\n\t\n\n\n","protected":false},"excerpt":{"rendered":"","protected":false},"author":1,"featured_media":18,"parent":0,"menu_order":1,"comment_status":"closed","ping_status":"closed","template":"page-blank.php","meta":{"pagelayer_contact_templates":[],"_pagelayer_content":"","footnotes":""},"class_list":["post-382","page","type-page","status-publish","has-post-thumbnail","hentry"],"_links":{"self":[{"href":"https:\/\/prvidom.si\/avtodom\/wp-json\/wp\/v2\/pages\/382","targetHints":{"allow":["GET"]}}],"collection":[{"href":"https:\/\/prvidom.si\/avtodom\/wp-json\/wp\/v2\/pages"}],"about":[{"href":"https:\/\/prvidom.si\/avtodom\/wp-json\/wp\/v2\/types\/page"}],"author":[{"embeddable":true,"href":"https:\/\/prvidom.si\/avtodom\/wp-json\/wp\/v2\/users\/1"}],"replies":[{"embeddable":true,"href":"https:\/\/prvidom.si\/avtodom\/wp-json\/wp\/v2\/comments?post=382"}],"version-history":[{"count":30,"href":"https:\/\/prvidom.si\/avtodom\/wp-json\/wp\/v2\/pages\/382\/revisions"}],"predecessor-version":[{"id":727,"href":"https:\/\/prvidom.si\/avtodom\/wp-json\/wp\/v2\/pages\/382\/revisions\/727"}],"wp:featuredmedia":[{"embeddable":true,"href":"https:\/\/prvidom.si\/avtodom\/wp-json\/wp\/v2\/media\/18"}],"wp:attachment":[{"href":"https:\/\/prvidom.si\/avtodom\/wp-json\/wp\/v2\/media?parent=382"}],"curies":[{"name":"wp","href":"https:\/\/api.w.org\/{rel}","templated":true}]}}